{"id":3,"date":"2023-06-02T13:38:35","date_gmt":"2023-06-02T11:38:35","guid":{"rendered":"http:\/\/www.jf-conseils-services.com\/?page_id=3"},"modified":"2023-06-15T15:25:38","modified_gmt":"2023-06-15T13:25:38","slug":"politique-de-confidentialite","status":"publish","type":"page","link":"https:\/\/www.jf-conseils-services.com\/index.php\/politique-de-confidentialite\/","title":{"rendered":"Mentions l\u00e9gales et CGV"},"content":{"rendered":"\n<h2 class=\"wp-block-heading\">H\u00e9bergement &amp; programmation et webdesign<\/h2>\n\n\n\n<p>Le site\u00a0www.jf-conseils-services.com a \u00e9t\u00e9 con\u00e7u et designer par l&rsquo;Agence\u00a0de communication de Ste M\u00e9nehould <strong>A&amp;G<\/strong> <strong>COM&rsquo;<\/strong>. <\/p>\n\n\n\n<p>www.artandgraf.com<\/p>\n\n\n\n<p>T\u00e9l :\u00a0<strong>06 95 04 88 39<\/strong> &#8211; <strong>03 26 92 21 47<\/strong><\/p>\n\n\n\n<ul class=\"wp-block-list\">\n<li><strong>25 rue de l\u2019Arquebuse \u2013\u00a051800 Sainte M\u00e9nehould<\/strong> &#8211; Immatricul\u00e9e au Registre du Commerce et des Soci\u00e9t\u00e9s\u00a0<\/li>\n<\/ul>\n\n\n\n<p>Adresse de courrier \u00e9lectronique :&nbsp;<\/p>\n\n\n\n<ul class=\"wp-block-list\">\n<li>Support commercial :&nbsp;<a href=\"mailto:contact@artandgraf.com\">contact@artandgraf.com<\/a><\/li>\n\n\n\n<li>Direction technique :&nbsp;<a href=\"mailto:conception@artandgraf.com\">conception@artandgraf.com<\/a><\/li>\n\n\n\n<li>Webmaster et solutions web :&nbsp;<a href=\"mailto:webmaster@artandgraf.com\">webmaster@artandgraf.com<\/a><\/li>\n\n\n\n<li>Informations compl\u00e9mentaires :&nbsp;<a href=\"mailto:info@artandgraf.com\">info@artandgraf.com<\/a><\/li>\n<\/ul>\n\n\n\n<p><strong>H\u00c9BERGEMENT<\/strong><\/p>\n\n\n\n<p>Le site est h\u00e9berg\u00e9\u00a0par\u00a0<strong>OHV Franc<\/strong>e<\/p>\n\n\n\n<h2 class=\"wp-block-heading\">Qui sommes-nous&nbsp;?<\/h2>\n\n\n\n<p>L\u2019adresse de notre site est\u00a0: https:\/\/www.jf-conseils-services.com.<\/p>\n\n\n\n<p>Direction : <strong>M. Julien Fran\u00e7ois<\/strong><\/p>\n\n\n\n<p>Tel +33(0)0610359497<\/p>\n\n\n\n<p>E-mail :\u00a0<em>contact@jf-conseils-services.com<\/em><\/p>\n\n\n\n<p>10 rue de la Camuterie &#8211; Ste-M\u00e9nehould 51800<\/p>\n\n\n\n<p><strong>SIRET 949 493 936 00015<\/strong><\/p>\n\n\n\n<p><strong>APE\u00a0\u00a070.22Z &#8211; Conseils pour les affaires et autres conseils de gestion<\/strong><\/p>\n\n\n\n<h2 class=\"wp-block-heading\">M\u00e9dias &amp; propri\u00e9t\u00e9 intellectuelle<\/h2>\n\n\n\n<p>L&rsquo;enti\u00e8ret\u00e9 des m\u00e9dias visibles sur le site officiel JF Conseils appartiennent \u00e0 l&rsquo;entreprise JF Conseils.<\/p>\n\n\n\n<p>Sauf mention contraire, tous les \u00e9l\u00e9ments accessibles sur ce site (textes, images, visuels, logos, ic\u00f4nes, etc\u2026) restent la propri\u00e9t\u00e9 exclusive de JF Conseils, en ce qui concerne les droits de propri\u00e9t\u00e9 intellectuelle ou les droits d\u2019usage.<\/p>\n\n\n\n<p>Toute reproduction de tout ou d\u2019une partie des \u00e9l\u00e9ments pr\u00e9sents, quel que soit le moyen ou le proc\u00e9d\u00e9 utilis\u00e9, est interdite, sauf autorisation \u00e9crite pr\u00e9alable au propri\u00e9taire.<\/p>\n\n\n\n<p><strong>ATTENTION<\/strong>&nbsp;: Toute exploitation non autoris\u00e9e de quelconque des \u00e9l\u00e9ments pr\u00e9sents sur ce site est consid\u00e9r\u00e9e comme constitutive d\u2019une contrefa\u00e7on et peut engendrer des poursuites.<\/p>\n\n\n\n<h2 class=\"wp-block-heading\">Cookies<\/h2>\n\n\n\n<p>L&rsquo;acceptation des Cookies est uniquement l\u00e0 pour votre confort afin de ne pas avoir \u00e0 saisir ces informations si vous d\u00e9posez un autre commentaire plus tard. Ces cookies expirent au bout d\u2019un an.<\/p>\n\n\n\n<h2 class=\"wp-block-heading\">Contenu embarqu\u00e9 depuis d\u2019autres sites<\/h2>\n\n\n\n<p><br>Le propri\u00e9taire du site d\u00e9cline toute responsabilit\u00e9 et n\u2019est pas engag\u00e9 par le r\u00e9f\u00e9rencement via des liens hypertextes, de ressources tierces pr\u00e9sentes sur le r\u00e9seau Internet, tant en ce qui concerne leur contenu que leur pertinence. Merci d\u2019en tenir compte lors de votre visite sur ce site. Les articles de ce site peuvent inclure des contenus int\u00e9gr\u00e9s (par exemple des vid\u00e9os, images, articles\u2026). Le contenu int\u00e9gr\u00e9 depuis d\u2019autres sites se comporte de la m\u00eame mani\u00e8re que si le visiteur se rendait sur cet autre site.<\/p>\n\n\n\n<h2 class=\"wp-block-heading\">Confidentialit\u00e9<\/h2>\n\n\n\n<p>Il n\u2019est pas possible pour un visiteur ni de d\u00e9poser un commentaire ni d\u00e9poser un hyperlien. N\u00e9anmoins les risques subsistent, comme sur tout site e-vitrine.&nbsp;Aucune information personnelle n\u2019y est recueillie, en outre ce site n\u2019est pas assujetti \u00e0 d\u00e9claration \u00e0 la CNIL.<sup><\/sup><\/p>\n\n\n\n<p>Seuls les informations renseign\u00e9es dans la bo\u00eete de contact interne peuvent \u00eatre sauvegard\u00e9es. De ce fait, JF Conseils engage sa responsabilit\u00e9 \u00e0 conserver ces derni\u00e8res pour son usage et son usage professionnel uniquement.\u00a0<\/p>\n\n\n\n<hr class=\"wp-block-separator has-alpha-channel-opacity\"\/>\n\n\n\n<h2 class=\"wp-block-heading\">Nos CGV<\/h2>\n\n\n<div class=\"wp-block-image\">\n<figure class=\"alignleft size-full is-resized\"><a href=\"http:\/\/www.jf-conseils-services.com\/wp-content\/uploads\/2023\/06\/CGV-JF-Conseils-Services-Administratifs.pdf\"><img fetchpriority=\"high\" decoding=\"async\" src=\"http:\/\/www.jf-conseils-services.com\/wp-content\/uploads\/2023\/06\/Capture-decran-2023-06-15-a-15.10.07.png\" alt=\"\" class=\"wp-image-659\" width=\"386\" height=\"552\" srcset=\"https:\/\/www.jf-conseils-services.com\/wp-content\/uploads\/2023\/06\/Capture-decran-2023-06-15-a-15.10.07.png 626w, https:\/\/www.jf-conseils-services.com\/wp-content\/uploads\/2023\/06\/Capture-decran-2023-06-15-a-15.10.07-210x300.png 210w\" sizes=\"(max-width: 386px) 100vw, 386px\" \/><\/a><\/figure>\n<\/div>","protected":false},"excerpt":{"rendered":"<p>H\u00e9bergement &amp; programmation et webdesign Le site\u00a0www.jf-conseils-services.com a \u00e9t\u00e9 con\u00e7u et designer par l&rsquo;Agence\u00a0de communication de Ste M\u00e9nehould A&amp;G COM&rsquo;. www.artandgraf.com T\u00e9l :\u00a006 95 04 88 39 &#8211; 03 26 92 21 47 Adresse de courrier \u00e9lectronique :&nbsp; H\u00c9BERGEMENT Le site est h\u00e9berg\u00e9\u00a0par\u00a0OHV France Qui sommes-nous&nbsp;? L\u2019adresse de notre site est\u00a0: https:\/\/www.jf-conseils-services.com. Direction : M. [&hellip;]<\/p>\n","protected":false},"author":1,"featured_media":0,"parent":0,"menu_order":0,"comment_status":"closed","ping_status":"closed","template":"","meta":{"footnotes":""},"class_list":["post-3","page","type-page","status-publish","hentry"],"yoast_head":"<!-- This site is optimized with the Yoast SEO plugin v26.9 - https:\/\/yoast.com\/product\/yoast-seo-wordpress\/ -->\n<title>Mentions l\u00e9gales et CGV - JF Conseils &amp; services administratifs<\/title>\n<meta name=\"robots\" content=\"index, follow, max-snippet:-1, max-image-preview:large, max-video-preview:-1\" \/>\n<link rel=\"canonical\" href=\"https:\/\/www.jf-conseils-services.com\/index.php\/politique-de-confidentialite\/\" \/>\n<meta property=\"og:locale\" content=\"fr_FR\" \/>\n<meta property=\"og:type\" content=\"article\" \/>\n<meta property=\"og:title\" content=\"Mentions l\u00e9gales et CGV - JF Conseils &amp; services administratifs\" \/>\n<meta property=\"og:description\" content=\"H\u00e9bergement &amp; programmation et webdesign Le site\u00a0www.jf-conseils-services.com a \u00e9t\u00e9 con\u00e7u et designer par l&rsquo;Agence\u00a0de communication de Ste M\u00e9nehould A&amp;G COM&rsquo;. www.artandgraf.com T\u00e9l :\u00a006 95 04 88 39 &#8211; 03 26 92 21 47 Adresse de courrier \u00e9lectronique :&nbsp; H\u00c9BERGEMENT Le site est h\u00e9berg\u00e9\u00a0par\u00a0OHV France Qui sommes-nous&nbsp;? L\u2019adresse de notre site est\u00a0: https:\/\/www.jf-conseils-services.com. Direction : M. [&hellip;]\" \/>\n<meta property=\"og:url\" content=\"https:\/\/www.jf-conseils-services.com\/index.php\/politique-de-confidentialite\/\" \/>\n<meta property=\"og:site_name\" content=\"JF Conseils &amp; services administratifs\" \/>\n<meta property=\"article:modified_time\" content=\"2023-06-15T13:25:38+00:00\" \/>\n<meta property=\"og:image\" content=\"http:\/\/www.jf-conseils-services.com\/wp-content\/uploads\/2023\/06\/Capture-decran-2023-06-15-a-15.10.07.png\" \/>\n<meta name=\"twitter:card\" content=\"summary_large_image\" \/>\n<meta name=\"twitter:label1\" content=\"Dur\u00e9e de lecture estim\u00e9e\" \/>\n\t<meta name=\"twitter:data1\" content=\"3 minutes\" \/>\n<script type=\"application\/ld+json\" class=\"yoast-schema-graph\">{\"@context\":\"https:\/\/schema.org\",\"@graph\":[{\"@type\":\"WebPage\",\"@id\":\"https:\/\/www.jf-conseils-services.com\/index.php\/politique-de-confidentialite\/\",\"url\":\"https:\/\/www.jf-conseils-services.com\/index.php\/politique-de-confidentialite\/\",\"name\":\"Mentions l\u00e9gales et CGV - JF Conseils &amp; services administratifs\",\"isPartOf\":{\"@id\":\"https:\/\/www.jf-conseils-services.com\/#website\"},\"primaryImageOfPage\":{\"@id\":\"https:\/\/www.jf-conseils-services.com\/index.php\/politique-de-confidentialite\/#primaryimage\"},\"image\":{\"@id\":\"https:\/\/www.jf-conseils-services.com\/index.php\/politique-de-confidentialite\/#primaryimage\"},\"thumbnailUrl\":\"http:\/\/www.jf-conseils-services.com\/wp-content\/uploads\/2023\/06\/Capture-decran-2023-06-15-a-15.10.07.png\",\"datePublished\":\"2023-06-02T11:38:35+00:00\",\"dateModified\":\"2023-06-15T13:25:38+00:00\",\"breadcrumb\":{\"@id\":\"https:\/\/www.jf-conseils-services.com\/index.php\/politique-de-confidentialite\/#breadcrumb\"},\"inLanguage\":\"fr-FR\",\"potentialAction\":[{\"@type\":\"ReadAction\",\"target\":[\"https:\/\/www.jf-conseils-services.com\/index.php\/politique-de-confidentialite\/\"]}]},{\"@type\":\"ImageObject\",\"inLanguage\":\"fr-FR\",\"@id\":\"https:\/\/www.jf-conseils-services.com\/index.php\/politique-de-confidentialite\/#primaryimage\",\"url\":\"https:\/\/www.jf-conseils-services.com\/wp-content\/uploads\/2023\/06\/Capture-decran-2023-06-15-a-15.10.07.png\",\"contentUrl\":\"https:\/\/www.jf-conseils-services.com\/wp-content\/uploads\/2023\/06\/Capture-decran-2023-06-15-a-15.10.07.png\",\"width\":626,\"height\":895},{\"@type\":\"BreadcrumbList\",\"@id\":\"https:\/\/www.jf-conseils-services.com\/index.php\/politique-de-confidentialite\/#breadcrumb\",\"itemListElement\":[{\"@type\":\"ListItem\",\"position\":1,\"name\":\"Accueil\",\"item\":\"https:\/\/www.jf-conseils-services.com\/\"},{\"@type\":\"ListItem\",\"position\":2,\"name\":\"Mentions l\u00e9gales et CGV\"}]},{\"@type\":\"WebSite\",\"@id\":\"https:\/\/www.jf-conseils-services.com\/#website\",\"url\":\"https:\/\/www.jf-conseils-services.com\/\",\"name\":\"JF Conseils &amp; services administratifs\",\"description\":\"Services &amp; conseils administratifs\",\"publisher\":{\"@id\":\"https:\/\/www.jf-conseils-services.com\/#organization\"},\"potentialAction\":[{\"@type\":\"SearchAction\",\"target\":{\"@type\":\"EntryPoint\",\"urlTemplate\":\"https:\/\/www.jf-conseils-services.com\/?s={search_term_string}\"},\"query-input\":{\"@type\":\"PropertyValueSpecification\",\"valueRequired\":true,\"valueName\":\"search_term_string\"}}],\"inLanguage\":\"fr-FR\"},{\"@type\":\"Organization\",\"@id\":\"https:\/\/www.jf-conseils-services.com\/#organization\",\"name\":\"JF Conseils &amp; services administratifs\",\"url\":\"https:\/\/www.jf-conseils-services.com\/\",\"logo\":{\"@type\":\"ImageObject\",\"inLanguage\":\"fr-FR\",\"@id\":\"https:\/\/www.jf-conseils-services.com\/#\/schema\/logo\/image\/\",\"url\":\"https:\/\/www.jf-conseils-services.com\/wp-content\/uploads\/2023\/06\/cropped-cropped-CdV-JF-Conseils.png\",\"contentUrl\":\"https:\/\/www.jf-conseils-services.com\/wp-content\/uploads\/2023\/06\/cropped-cropped-CdV-JF-Conseils.png\",\"width\":512,\"height\":470,\"caption\":\"JF Conseils &amp; services administratifs\"},\"image\":{\"@id\":\"https:\/\/www.jf-conseils-services.com\/#\/schema\/logo\/image\/\"}}]}<\/script>\n<!-- \/ Yoast SEO plugin. -->","yoast_head_json":{"title":"Mentions l\u00e9gales et CGV - JF Conseils &amp; services administratifs","robots":{"index":"index","follow":"follow","max-snippet":"max-snippet:-1","max-image-preview":"max-image-preview:large","max-video-preview":"max-video-preview:-1"},"canonical":"https:\/\/www.jf-conseils-services.com\/index.php\/politique-de-confidentialite\/","og_locale":"fr_FR","og_type":"article","og_title":"Mentions l\u00e9gales et CGV - JF Conseils &amp; services administratifs","og_description":"H\u00e9bergement &amp; programmation et webdesign Le site\u00a0www.jf-conseils-services.com a \u00e9t\u00e9 con\u00e7u et designer par l&rsquo;Agence\u00a0de communication de Ste M\u00e9nehould A&amp;G COM&rsquo;. www.artandgraf.com T\u00e9l :\u00a006 95 04 88 39 &#8211; 03 26 92 21 47 Adresse de courrier \u00e9lectronique :&nbsp; H\u00c9BERGEMENT Le site est h\u00e9berg\u00e9\u00a0par\u00a0OHV France Qui sommes-nous&nbsp;? L\u2019adresse de notre site est\u00a0: https:\/\/www.jf-conseils-services.com. Direction : M. [&hellip;]","og_url":"https:\/\/www.jf-conseils-services.com\/index.php\/politique-de-confidentialite\/","og_site_name":"JF Conseils &amp; services administratifs","article_modified_time":"2023-06-15T13:25:38+00:00","og_image":[{"url":"http:\/\/www.jf-conseils-services.com\/wp-content\/uploads\/2023\/06\/Capture-decran-2023-06-15-a-15.10.07.png","type":"","width":"","height":""}],"twitter_card":"summary_large_image","twitter_misc":{"Dur\u00e9e de lecture estim\u00e9e":"3 minutes"},"schema":{"@context":"https:\/\/schema.org","@graph":[{"@type":"WebPage","@id":"https:\/\/www.jf-conseils-services.com\/index.php\/politique-de-confidentialite\/","url":"https:\/\/www.jf-conseils-services.com\/index.php\/politique-de-confidentialite\/","name":"Mentions l\u00e9gales et CGV - JF Conseils &amp; services administratifs","isPartOf":{"@id":"https:\/\/www.jf-conseils-services.com\/#website"},"primaryImageOfPage":{"@id":"https:\/\/www.jf-conseils-services.com\/index.php\/politique-de-confidentialite\/#primaryimage"},"image":{"@id":"https:\/\/www.jf-conseils-services.com\/index.php\/politique-de-confidentialite\/#primaryimage"},"thumbnailUrl":"http:\/\/www.jf-conseils-services.com\/wp-content\/uploads\/2023\/06\/Capture-decran-2023-06-15-a-15.10.07.png","datePublished":"2023-06-02T11:38:35+00:00","dateModified":"2023-06-15T13:25:38+00:00","breadcrumb":{"@id":"https:\/\/www.jf-conseils-services.com\/index.php\/politique-de-confidentialite\/#breadcrumb"},"inLanguage":"fr-FR","potentialAction":[{"@type":"ReadAction","target":["https:\/\/www.jf-conseils-services.com\/index.php\/politique-de-confidentialite\/"]}]},{"@type":"ImageObject","inLanguage":"fr-FR","@id":"https:\/\/www.jf-conseils-services.com\/index.php\/politique-de-confidentialite\/#primaryimage","url":"https:\/\/www.jf-conseils-services.com\/wp-content\/uploads\/2023\/06\/Capture-decran-2023-06-15-a-15.10.07.png","contentUrl":"https:\/\/www.jf-conseils-services.com\/wp-content\/uploads\/2023\/06\/Capture-decran-2023-06-15-a-15.10.07.png","width":626,"height":895},{"@type":"BreadcrumbList","@id":"https:\/\/www.jf-conseils-services.com\/index.php\/politique-de-confidentialite\/#breadcrumb","itemListElement":[{"@type":"ListItem","position":1,"name":"Accueil","item":"https:\/\/www.jf-conseils-services.com\/"},{"@type":"ListItem","position":2,"name":"Mentions l\u00e9gales et CGV"}]},{"@type":"WebSite","@id":"https:\/\/www.jf-conseils-services.com\/#website","url":"https:\/\/www.jf-conseils-services.com\/","name":"JF Conseils &amp; services administratifs","description":"Services &amp; conseils administratifs","publisher":{"@id":"https:\/\/www.jf-conseils-services.com\/#organization"},"potentialAction":[{"@type":"SearchAction","target":{"@type":"EntryPoint","urlTemplate":"https:\/\/www.jf-conseils-services.com\/?s={search_term_string}"},"query-input":{"@type":"PropertyValueSpecification","valueRequired":true,"valueName":"search_term_string"}}],"inLanguage":"fr-FR"},{"@type":"Organization","@id":"https:\/\/www.jf-conseils-services.com\/#organization","name":"JF Conseils &amp; services administratifs","url":"https:\/\/www.jf-conseils-services.com\/","logo":{"@type":"ImageObject","inLanguage":"fr-FR","@id":"https:\/\/www.jf-conseils-services.com\/#\/schema\/logo\/image\/","url":"https:\/\/www.jf-conseils-services.com\/wp-content\/uploads\/2023\/06\/cropped-cropped-CdV-JF-Conseils.png","contentUrl":"https:\/\/www.jf-conseils-services.com\/wp-content\/uploads\/2023\/06\/cropped-cropped-CdV-JF-Conseils.png","width":512,"height":470,"caption":"JF Conseils &amp; services administratifs"},"image":{"@id":"https:\/\/www.jf-conseils-services.com\/#\/schema\/logo\/image\/"}}]}},"_links":{"self":[{"href":"https:\/\/www.jf-conseils-services.com\/index.php\/wp-json\/wp\/v2\/pages\/3","targetHints":{"allow":["GET"]}}],"collection":[{"href":"https:\/\/www.jf-conseils-services.com\/index.php\/wp-json\/wp\/v2\/pages"}],"about":[{"href":"https:\/\/www.jf-conseils-services.com\/index.php\/wp-json\/wp\/v2\/types\/page"}],"author":[{"embeddable":true,"href":"https:\/\/www.jf-conseils-services.com\/index.php\/wp-json\/wp\/v2\/users\/1"}],"replies":[{"embeddable":true,"href":"https:\/\/www.jf-conseils-services.com\/index.php\/wp-json\/wp\/v2\/comments?post=3"}],"version-history":[{"count":2,"href":"https:\/\/www.jf-conseils-services.com\/index.php\/wp-json\/wp\/v2\/pages\/3\/revisions"}],"predecessor-version":[{"id":661,"href":"https:\/\/www.jf-conseils-services.com\/index.php\/wp-json\/wp\/v2\/pages\/3\/revisions\/661"}],"wp:attachment":[{"href":"https:\/\/www.jf-conseils-services.com\/index.php\/wp-json\/wp\/v2\/media?parent=3"}],"curies":[{"name":"wp","href":"https:\/\/api.w.org\/{rel}","templated":true}]}}